{"id":1194,"date":"2013-09-03T12:39:41","date_gmt":"2013-09-03T12:39:41","guid":{"rendered":"http:\/\/impreza.us-themes.net\/pages\/team\/"},"modified":"2025-07-09T15:48:39","modified_gmt":"2025-07-09T15:48:39","slug":"proyectossociales","status":"publish","type":"page","link":"https:\/\/uribarren.es\/esp\/proyectossociales\/","title":{"rendered":"Proyectos Sociales"},"content":{"rendered":"<section class=\"l-section wpb_row us_custom_e11ab399 height_medium\"><div class=\"l-section-h i-cf\"><div class=\"g-cols vc_row via_grid cols_1 laptops-cols_inherit tablets-cols_inherit mobiles-cols_1 valign_middle type_default stacking_default\"><div class=\"wpb_column vc_column_container\"><div class=\"vc_column-inner\"><h1 class=\"w-post-elm post_title us_custom_064d9100 align_center entry-title color_link_inherit\">Proyectos Sociales<\/h1><div class=\"wpb_text_column\"><div class=\"wpb_wrapper\"><p style=\"text-align: center;\">Preocupaci\u00f3n por nuestro entorno<\/p>\n<\/div><\/div><\/div><\/div><\/div><\/div><\/section><section class=\"l-section wpb_row height_medium\"><div class=\"l-section-overlay\" style=\"background:#a0d7c9\"><\/div><div class=\"l-section-h i-cf\"><div class=\"g-cols vc_row via_grid cols_2 laptops-cols_inherit tablets-cols_inherit mobiles-cols_1 valign_top type_default stacking_default\"><div class=\"wpb_column vc_column_container\"><div class=\"vc_column-inner\">[vc_custom_heading text=\u00bbParque de rehabilitaci\u00f3n<br \/>\npara personas mayores<br \/>\ny adaptado\u00bb font_container=\u00bbtag:h4|text_align:center\u00bb use_theme_fonts=\u00bbyes\u00bb]<div class=\"wpb_text_column\"><div class=\"wpb_wrapper\"><p>Con el \u00e1nimo de fomentar los <strong>h\u00e1bitos de vida saludables<\/strong> tanto en nuestros residentes como en la poblaci\u00f3n en general, se ha impulsado la creaci\u00f3n del <strong>primer parque<\/strong> de estas caracter\u00edsticas de la comarca de Lea-Artibai, de titularidad privada pero de uso p\u00fablico.<\/p>\n<\/div><\/div><div class=\"w-image align_none\"><a ref=\"magnificPopup\" href=\"https:\/\/uribarren.es\/esp\/wp-content\/uploads\/2013\/09\/parque-adaptado-1.jpg\" aria-label=\"parque-adaptado\" class=\"w-image-h\"><img decoding=\"async\" width=\"1000\" height=\"644\" src=\"https:\/\/uribarren.es\/esp\/wp-content\/uploads\/2013\/09\/parque-adaptado-1.jpg\" class=\"attachment-large size-large\" alt=\"\" loading=\"lazy\" srcset=\"https:\/\/uribarren.es\/esp\/wp-content\/uploads\/2013\/09\/parque-adaptado-1.jpg 1000w, https:\/\/uribarren.es\/esp\/wp-content\/uploads\/2013\/09\/parque-adaptado-1-300x193.jpg 300w, https:\/\/uribarren.es\/esp\/wp-content\/uploads\/2013\/09\/parque-adaptado-1-768x495.jpg 768w, https:\/\/uribarren.es\/esp\/wp-content\/uploads\/2013\/09\/parque-adaptado-1-600x386.jpg 600w\" sizes=\"auto, (max-width: 1000px) 100vw, 1000px\" \/><\/a><\/div><\/div><\/div><div class=\"wpb_column vc_column_container\"><div class=\"vc_column-inner\">[vc_custom_heading text=\u00bbAparcamiento<br \/>\ndisuasorio\u00bb font_container=\u00bbtag:h4|text_align:center\u00bb use_theme_fonts=\u00bbyes\u00bb]<div class=\"wpb_text_column\"><div class=\"wpb_wrapper\"><p>Cedemos desinteresadamente una parcela de 10.000m2 al ayuntamiento de Lekeitio, para su uso como aparcamiento disuasorio, tanto para los vecinos de la poblaci\u00f3n como para los visitantes.<\/p>\n<\/div><\/div><div class=\"w-image align_none\"><a ref=\"magnificPopup\" href=\"https:\/\/uribarren.es\/esp\/wp-content\/uploads\/2013\/09\/parking-01.jpg\" aria-label=\"Fundaci\u00f3n Uribarren Abaroa\" class=\"w-image-h\"><img decoding=\"async\" width=\"1024\" height=\"755\" src=\"https:\/\/uribarren.es\/esp\/wp-content\/uploads\/2013\/09\/parking-01-1024x755.jpg\" class=\"attachment-large size-large\" alt=\"Fundaci\u00f3n Uribarren Abaroa\" loading=\"lazy\" srcset=\"https:\/\/uribarren.es\/esp\/wp-content\/uploads\/2013\/09\/parking-01-1024x755.jpg 1024w, https:\/\/uribarren.es\/esp\/wp-content\/uploads\/2013\/09\/parking-01-300x221.jpg 300w, https:\/\/uribarren.es\/esp\/wp-content\/uploads\/2013\/09\/parking-01-768x566.jpg 768w, https:\/\/uribarren.es\/esp\/wp-content\/uploads\/2013\/09\/parking-01-600x442.jpg 600w, https:\/\/uribarren.es\/esp\/wp-content\/uploads\/2013\/09\/parking-01.jpg 1433w\" sizes=\"auto, (max-width: 1024px) 100vw, 1024px\" \/><\/a><\/div><\/div><\/div><\/div><\/div><\/section>\n","protected":false},"excerpt":{"rendered":"Proyectos SocialesPreocupaci\u00f3n por nuestro entorno [vc_custom_heading text=\"Parque de rehabilitaci\u00f3n para personas mayores y adaptado\" font_container=\"tag:h4|text_align:center\" use_theme_fonts=\"yes\"]Con el \u00e1nimo de fomentar los h\u00e1bitos de vida saludables tanto en nuestros residentes como en la poblaci\u00f3n en general, se ha impulsado la creaci\u00f3n del primer parque de estas caracter\u00edsticas de la comarca de Lea-Artibai, de titularidad privada pero...","protected":false},"author":1,"featured_media":0,"parent":0,"menu_order":0,"comment_status":"closed","ping_status":"closed","template":"","meta":{"footnotes":""},"class_list":["post-1194","page","type-page","status-publish","hentry"],"_links":{"self":[{"href":"https:\/\/uribarren.es\/esp\/wp-json\/wp\/v2\/pages\/1194","targetHints":{"allow":["GET"]}}],"collection":[{"href":"https:\/\/uribarren.es\/esp\/wp-json\/wp\/v2\/pages"}],"about":[{"href":"https:\/\/uribarren.es\/esp\/wp-json\/wp\/v2\/types\/page"}],"author":[{"embeddable":true,"href":"https:\/\/uribarren.es\/esp\/wp-json\/wp\/v2\/users\/1"}],"replies":[{"embeddable":true,"href":"https:\/\/uribarren.es\/esp\/wp-json\/wp\/v2\/comments?post=1194"}],"version-history":[{"count":8,"href":"https:\/\/uribarren.es\/esp\/wp-json\/wp\/v2\/pages\/1194\/revisions"}],"predecessor-version":[{"id":30893,"href":"https:\/\/uribarren.es\/esp\/wp-json\/wp\/v2\/pages\/1194\/revisions\/30893"}],"wp:attachment":[{"href":"https:\/\/uribarren.es\/esp\/wp-json\/wp\/v2\/media?parent=1194"}],"curies":[{"name":"wp","href":"https:\/\/api.w.org\/{rel}","templated":true}]}}