{"id":29377,"date":"2013-05-31T11:58:45","date_gmt":"2013-05-31T11:58:45","guid":{"rendered":"http:\/\/impreza.us-themes.net\/pages\/services\/"},"modified":"2025-07-09T15:50:33","modified_gmt":"2025-07-09T15:50:33","slug":"lafundacion","status":"publish","type":"page","link":"https:\/\/uribarren.es\/esp\/lafundacion\/","title":{"rendered":"La fundaci\u00f3n"},"content":{"rendered":"<section class=\"l-section wpb_row height_medium with_img\"><div class=\"l-section-img\" role=\"img\" aria-label=\"Imagen\" data-img-width=\"1800\" data-img-height=\"430\" style=\"background-image: url(https:\/\/uribarren.es\/esp\/wp-content\/uploads\/2013\/05\/dibujo-residencia.png);\"><\/div><div class=\"l-section-h i-cf\"><div class=\"g-cols vc_row via_grid cols_1 laptops-cols_inherit tablets-cols_inherit mobiles-cols_1 valign_top type_default stacking_default\"><div class=\"wpb_column vc_column_container\"><div class=\"vc_column-inner\"><\/div><\/div><\/div><\/div><\/section><section class=\"l-section wpb_row height_auto\"><div class=\"l-section-h i-cf\"><div class=\"g-cols vc_row via_grid cols_1 laptops-cols_inherit tablets-cols_inherit mobiles-cols_1 valign_top type_default stacking_default\"><div class=\"wpb_column vc_column_container us_animate_afb\"><div class=\"vc_column-inner\"><div class=\"w-separator size_medium with_line width_default thick_2 style_solid color_primary align_center with_content\"><div class=\"w-separator-h\"><i class=\"fas fa-university\"><\/i><\/div><\/div><div class=\"wpb_text_column\"><div class=\"wpb_wrapper\"><h4>La <strong>Fundaci\u00f3n Uribarren Abaroa<\/strong> es una centenaria instituci\u00f3n sin \u00e1nimo de lucro que data del a\u00f1o 1869, promovida por los Excms. Srs. <strong>D. Jose Javier de Uribarren<\/strong> y <strong>D. Pascual de Abaroa<\/strong>.<br \/>\nEl \u00f3rgano colegiado de gobierno y representaci\u00f3n de la Fundaci\u00f3n es su <strong>Junta de Patronato<\/strong>, integrada por los siguientes Patronos:<br \/>\n&#8211; P\u00e1rroco de Lekeitio<br \/>\n&#8211; Alcalde de Lekeitio<br \/>\n&#8211; Descendientes de la familia Uribarren y de la familia Abaroa<br \/>\nCuentan con el apoyo y asesoramiento de un Director-gerente y con un amplio y cualificado equipo multidisciplinar.<\/h4>\n<\/div><\/div><div class=\"w-separator size_huge with_line width_default thick_1 style_solid color_border align_center\"><div class=\"w-separator-h\"><\/div><\/div><div class=\"w-image style_outlined align_center meta_simple\"><a ref=\"magnificPopup\" href=\"https:\/\/uribarren.es\/esp\/wp-content\/uploads\/2013\/05\/antigua-02.png\" aria-label=\"Uribarren Abaroa\" class=\"w-image-h\"><img decoding=\"async\" width=\"1800\" height=\"736\" src=\"https:\/\/uribarren.es\/esp\/wp-content\/uploads\/2013\/05\/antigua-02.png\" class=\"attachment-full size-full\" alt=\"\" loading=\"lazy\" srcset=\"https:\/\/uribarren.es\/esp\/wp-content\/uploads\/2013\/05\/antigua-02.png 1800w, https:\/\/uribarren.es\/esp\/wp-content\/uploads\/2013\/05\/antigua-02-300x123.png 300w, https:\/\/uribarren.es\/esp\/wp-content\/uploads\/2013\/05\/antigua-02-768x314.png 768w, https:\/\/uribarren.es\/esp\/wp-content\/uploads\/2013\/05\/antigua-02-1024x419.png 1024w\" sizes=\"auto, (max-width: 1800px) 100vw, 1800px\" \/><\/a><div class=\"w-image-meta\"><div class=\"w-image-title\">Uribarren Abaroa<\/div><\/div><\/div><\/div><\/div><\/div><\/div><\/section><section class=\"l-section wpb_row height_medium\"><div class=\"l-section-h i-cf\"><div class=\"g-cols vc_row via_grid cols_1-3 laptops-cols_inherit tablets-cols_inherit mobiles-cols_1 valign_top type_default stacking_default\"><div class=\"wpb_column vc_column_container\"><div class=\"vc_column-inner\"><div class=\"w-image style_outlined align_center meta_simple\"><a ref=\"magnificPopup\" href=\"https:\/\/uribarren.es\/esp\/wp-content\/uploads\/2013\/05\/antigua-01.png\" aria-label=\"Uribarren Abaroa\" class=\"w-image-h\"><img decoding=\"async\" width=\"800\" height=\"541\" src=\"https:\/\/uribarren.es\/esp\/wp-content\/uploads\/2013\/05\/antigua-01.png\" class=\"attachment-full size-full\" alt=\"\" loading=\"lazy\" srcset=\"https:\/\/uribarren.es\/esp\/wp-content\/uploads\/2013\/05\/antigua-01.png 800w, https:\/\/uribarren.es\/esp\/wp-content\/uploads\/2013\/05\/antigua-01-300x203.png 300w, https:\/\/uribarren.es\/esp\/wp-content\/uploads\/2013\/05\/antigua-01-768x519.png 768w\" sizes=\"auto, (max-width: 800px) 100vw, 800px\" \/><\/a><div class=\"w-image-meta\"><div class=\"w-image-title\">Uribarren Abaroa<\/div><\/div><\/div><\/div><\/div><div class=\"wpb_column vc_column_container\"><div class=\"vc_column-inner\"><div class=\"wpb_text_column\"><div class=\"wpb_wrapper\"><h4>Desde sus or\u00edgenes esta Fundaci\u00f3n se ha dedicado a<b> atender a personas desfavorecidas<\/b> <b>y\/o enfermas<\/b> (Hospital Abaroa) y a <b>ni\u00f1os<\/b> (Hospicio Uribarren de San Jos\u00e9). La constante evoluci\u00f3n de la sociedad en la que vivimos ha provocado que la Fundaci\u00f3n se haya ido <b>adaptando a los cambios<\/b> que los tiempos han ido demandando. Es por ello que en el a\u00f1o <strong>1978<\/strong> se convierte en <b>Residencia<\/b>, dedic\u00e1ndose a la atenci\u00f3n de personas de la Tercera Edad en riesgo de dependencia. Incidiendo en el colectivo de personas mayores dependientes, en el a\u00f1o <strong>2007<\/strong> la Fundaci\u00f3n pone en marcha un <b>Centro de D\u00eda<\/b>.<\/h4>\n<\/div><\/div><div class=\"w-separator size_huge with_line width_default thick_1 style_solid color_border align_center\"><div class=\"w-separator-h\"><\/div><\/div><\/div><\/div><\/div><\/div><\/section><section class=\"l-section wpb_row height_medium\"><div class=\"l-section-h i-cf\"><div class=\"g-cols vc_row via_grid cols_1 laptops-cols_inherit tablets-cols_inherit mobiles-cols_1 valign_top type_default stacking_default\"><div class=\"wpb_column vc_column_container\"><div class=\"vc_column-inner\"><div class=\"w-image align_center\"><a ref=\"magnificPopup\" href=\"https:\/\/uribarren.es\/esp\/wp-content\/uploads\/2013\/05\/foto-aerea-recortada.png\" aria-label=\"Uribarren Abaroa\" class=\"w-image-h\"><img decoding=\"async\" width=\"1024\" height=\"348\" src=\"https:\/\/uribarren.es\/esp\/wp-content\/uploads\/2013\/05\/foto-aerea-recortada-1024x348.png\" class=\"attachment-large size-large\" alt=\"\" loading=\"lazy\" srcset=\"https:\/\/uribarren.es\/esp\/wp-content\/uploads\/2013\/05\/foto-aerea-recortada-1024x348.png 1024w, https:\/\/uribarren.es\/esp\/wp-content\/uploads\/2013\/05\/foto-aerea-recortada-300x102.png 300w, https:\/\/uribarren.es\/esp\/wp-content\/uploads\/2013\/05\/foto-aerea-recortada-768x261.png 768w, https:\/\/uribarren.es\/esp\/wp-content\/uploads\/2013\/05\/foto-aerea-recortada.png 1920w\" sizes=\"auto, (max-width: 1024px) 100vw, 1024px\" \/><\/a><\/div><\/div><\/div><\/div><\/div><\/section><section class=\"l-section wpb_row height_medium\"><div class=\"l-section-h i-cf\"><div class=\"g-cols vc_row via_grid cols_1-3 laptops-cols_inherit tablets-cols_inherit mobiles-cols_1 valign_top type_default stacking_default\"><div class=\"wpb_column vc_column_container\"><div class=\"vc_column-inner\"><div class=\"w-image align_none\"><a ref=\"magnificPopup\" href=\"https:\/\/uribarren.es\/esp\/wp-content\/uploads\/2014\/08\/centro-de-dia2.jpg\" aria-label=\"centro-de-dia2\" class=\"w-image-h\"><img decoding=\"async\" width=\"1024\" height=\"865\" src=\"https:\/\/uribarren.es\/esp\/wp-content\/uploads\/2014\/08\/centro-de-dia2-1024x865.jpg\" class=\"attachment-large size-large\" alt=\"\" loading=\"lazy\" srcset=\"https:\/\/uribarren.es\/esp\/wp-content\/uploads\/2014\/08\/centro-de-dia2-1024x865.jpg 1024w, https:\/\/uribarren.es\/esp\/wp-content\/uploads\/2014\/08\/centro-de-dia2-300x253.jpg 300w, https:\/\/uribarren.es\/esp\/wp-content\/uploads\/2014\/08\/centro-de-dia2-768x649.jpg 768w, https:\/\/uribarren.es\/esp\/wp-content\/uploads\/2014\/08\/centro-de-dia2.jpg 1095w\" sizes=\"auto, (max-width: 1024px) 100vw, 1024px\" \/><\/a><\/div><\/div><\/div><div class=\"wpb_column vc_column_container\"><div class=\"vc_column-inner\"><div class=\"wpb_text_column\"><div class=\"wpb_wrapper\"><h4>Continuando con la apuesta por la<b> integraci\u00f3n social<\/b>\u00a0 de nuestras personas usuarias y el<b> bien com\u00fan<\/b> de los lekeitiarras, en el a\u00f1o <strong>2017<\/strong> se ha instalado dentro de nuestra parcela una <b>colecci\u00f3n privada de aves ex\u00f3ticas (Mini Zoo)<\/b> y un <b>jard\u00edn bot\u00e1nico<\/b>. Ambos espacios tienen un car\u00e1cter tanto <b>educativo<\/b> como <b>divulgativo<\/b> especialmente enfocado hacia grupos escolares.<\/h4>\n<\/div><\/div><\/div><\/div><\/div><\/div><\/section><section class=\"l-section wpb_row height_medium\"><div class=\"l-section-h i-cf\"><div class=\"g-cols vc_row via_grid cols_1 laptops-cols_inherit tablets-cols_inherit mobiles-cols_1 valign_top type_default stacking_default\"><div class=\"wpb_column vc_column_container\"><div class=\"vc_column-inner\"><div class=\"w-image style_outlined align_center meta_simple\"><a ref=\"magnificPopup\" href=\"https:\/\/uribarren.es\/esp\/wp-content\/uploads\/2013\/05\/entrada-residencia.png\" aria-label=\"Entrada\" class=\"w-image-h\"><img decoding=\"async\" width=\"1920\" height=\"557\" src=\"https:\/\/uribarren.es\/esp\/wp-content\/uploads\/2013\/05\/entrada-residencia.png\" class=\"attachment-full size-full\" alt=\"\" loading=\"lazy\" srcset=\"https:\/\/uribarren.es\/esp\/wp-content\/uploads\/2013\/05\/entrada-residencia.png 1920w, https:\/\/uribarren.es\/esp\/wp-content\/uploads\/2013\/05\/entrada-residencia-300x87.png 300w, https:\/\/uribarren.es\/esp\/wp-content\/uploads\/2013\/05\/entrada-residencia-768x223.png 768w, https:\/\/uribarren.es\/esp\/wp-content\/uploads\/2013\/05\/entrada-residencia-1024x297.png 1024w\" sizes=\"auto, (max-width: 1920px) 100vw, 1920px\" \/><\/a><div class=\"w-image-meta\"><div class=\"w-image-title\">Entrada<\/div><\/div><\/div><\/div><\/div><\/div><\/div><\/section>\n","protected":false},"excerpt":{"rendered":"La Fundaci\u00f3n Uribarren Abaroa es una centenaria instituci\u00f3n sin \u00e1nimo de lucro que data del a\u00f1o 1869, promovida por los Excms. Srs. D. Jose Javier de Uribarren y D. Pascual de Abaroa. El \u00f3rgano colegiado de gobierno y representaci\u00f3n de la Fundaci\u00f3n es su Junta de Patronato, integrada por los siguientes Patronos: &#8211; P\u00e1rroco de...","protected":false},"author":1,"featured_media":0,"parent":0,"menu_order":0,"comment_status":"closed","ping_status":"closed","template":"","meta":{"footnotes":""},"class_list":["post-29377","page","type-page","status-publish","hentry"],"_links":{"self":[{"href":"https:\/\/uribarren.es\/esp\/wp-json\/wp\/v2\/pages\/29377","targetHints":{"allow":["GET"]}}],"collection":[{"href":"https:\/\/uribarren.es\/esp\/wp-json\/wp\/v2\/pages"}],"about":[{"href":"https:\/\/uribarren.es\/esp\/wp-json\/wp\/v2\/types\/page"}],"author":[{"embeddable":true,"href":"https:\/\/uribarren.es\/esp\/wp-json\/wp\/v2\/users\/1"}],"replies":[{"embeddable":true,"href":"https:\/\/uribarren.es\/esp\/wp-json\/wp\/v2\/comments?post=29377"}],"version-history":[{"count":10,"href":"https:\/\/uribarren.es\/esp\/wp-json\/wp\/v2\/pages\/29377\/revisions"}],"predecessor-version":[{"id":30891,"href":"https:\/\/uribarren.es\/esp\/wp-json\/wp\/v2\/pages\/29377\/revisions\/30891"}],"wp:attachment":[{"href":"https:\/\/uribarren.es\/esp\/wp-json\/wp\/v2\/media?parent=29377"}],"curies":[{"name":"wp","href":"https:\/\/api.w.org\/{rel}","templated":true}]}}