{"id":29479,"date":"2017-09-07T09:50:49","date_gmt":"2017-09-07T09:50:49","guid":{"rendered":"http:\/\/uribarren.es\/webwordpress\/?page_id=29479"},"modified":"2025-07-09T17:47:23","modified_gmt":"2025-07-09T17:47:23","slug":"residencia","status":"publish","type":"page","link":"https:\/\/uribarren.es\/esp\/residencia\/","title":{"rendered":"La Residencia"},"content":{"rendered":"<section class=\"l-section wpb_row height_auto with_img\"><div class=\"l-section-img\" role=\"img\" aria-label=\"Imagen\" data-img-width=\"950\" data-img-height=\"300\" style=\"background-image: url(https:\/\/uribarren.es\/esp\/wp-content\/uploads\/2017\/09\/jardin-trasera3r.png);\"><\/div><div class=\"l-section-overlay\" style=\"background:rgba(34,127,102,0.5)\"><\/div><div class=\"l-section-h i-cf\"><div class=\"g-cols vc_row via_grid cols_1 laptops-cols_inherit tablets-cols_inherit mobiles-cols_1 valign_top type_default stacking_default\"><div class=\"wpb_column vc_column_container\"><div class=\"vc_column-inner\"><div class=\"w-image align_center\"><div class=\"w-image-h\"><img decoding=\"async\" width=\"950\" height=\"300\" src=\"https:\/\/uribarren.es\/esp\/wp-content\/uploads\/2017\/09\/jardin-trasera3r.png\" class=\"attachment-full size-full\" alt=\"\" loading=\"lazy\" srcset=\"https:\/\/uribarren.es\/esp\/wp-content\/uploads\/2017\/09\/jardin-trasera3r.png 950w, https:\/\/uribarren.es\/esp\/wp-content\/uploads\/2017\/09\/jardin-trasera3r-300x95.png 300w, https:\/\/uribarren.es\/esp\/wp-content\/uploads\/2017\/09\/jardin-trasera3r-768x243.png 768w\" sizes=\"auto, (max-width: 950px) 100vw, 950px\" \/><\/div><\/div><\/div><\/div><\/div><\/div><\/section><section class=\"l-section wpb_row height_medium\"><div class=\"l-section-h i-cf\"><div class=\"g-cols vc_row via_grid cols_1 laptops-cols_inherit tablets-cols_inherit mobiles-cols_1 valign_top type_default stacking_default\"><div class=\"wpb_column vc_column_container\"><div class=\"vc_column-inner\"><div class=\"w-tabs layout_hor style_modern switch_click has_scrolling\" style=\"--sections-title-size:200%\"><div class=\"w-tabs-list items_2 align_none\"><div class=\"w-tabs-list-h\"><button class=\"w-tabs-item active with_icon\" aria-controls=\"content-m87e\" aria-expanded=\"false\"><i class=\"fas fa-user-circle\"><\/i><span class=\"w-tabs-item-title\">Capacidad<\/span><\/button><button class=\"w-tabs-item with_icon\" aria-controls=\"content-xb4c\" aria-expanded=\"false\"><i class=\"fas fa-cogs\"><\/i><span class=\"w-tabs-item-title\">Servicios<\/span><\/button><\/div><\/div><div class=\"w-tabs-sections titles-align_none icon_chevron cpos_right\"><div class=\"w-tabs-section no_indents active\" id=\"m87e\"><button class=\"w-tabs-section-header active with_icon\" aria-controls=\"content-m87e\" aria-expanded=\"true\"><i class=\"fas fa-user-circle\"><\/i><div class=\"w-tabs-section-title\">Capacidad<\/div><div class=\"w-tabs-section-control\"><\/div><\/button><div  class=\"w-tabs-section-content\" id=\"content-m87e\"><div class=\"w-tabs-section-content-h i-cf\"><div class=\"g-cols wpb_row via_grid cols_1-3 laptops-cols_inherit tablets-cols_inherit mobiles-cols_1 valign_top type_default stacking_default\" style=\"--columns-gap:3rem;\"><div class=\"wpb_column vc_column_container\"><div class=\"vc_column-inner\"><div class=\"w-image align_none\"><a ref=\"magnificPopup\" href=\"https:\/\/uribarren.es\/esp\/wp-content\/uploads\/2017\/09\/habitacion.png\" aria-label=\"Habitacion\" class=\"w-image-h\"><img decoding=\"async\" width=\"1000\" height=\"757\" src=\"https:\/\/uribarren.es\/esp\/wp-content\/uploads\/2017\/09\/habitacion.png\" class=\"attachment-large size-large\" alt=\"\" loading=\"lazy\" srcset=\"https:\/\/uribarren.es\/esp\/wp-content\/uploads\/2017\/09\/habitacion.png 1000w, https:\/\/uribarren.es\/esp\/wp-content\/uploads\/2017\/09\/habitacion-300x227.png 300w, https:\/\/uribarren.es\/esp\/wp-content\/uploads\/2017\/09\/habitacion-768x581.png 768w\" sizes=\"auto, (max-width: 1000px) 100vw, 1000px\" \/><\/a><\/div><\/div><\/div><div class=\"wpb_column vc_column_container\"><div class=\"vc_column-inner\"><div class=\"w-separator size_large with_line width_default thick_1 style_solid color_border align_center\"><div class=\"w-separator-h\"><\/div><\/div><div class=\"wpb_text_column\"><div class=\"wpb_wrapper\"><ul>\n<li>\n<h6>89 plazas<\/h6>\n<\/li>\n<li>\n<h6>70 de ellas concertadas con Diputaci\u00f3n Foral de Bizkaia.<\/h6>\n<\/li>\n<\/ul>\n<\/div><\/div><\/div><\/div><\/div><\/div><\/div><\/div><div class=\"w-tabs-section\" id=\"xb4c\"><button class=\"w-tabs-section-header with_icon\" aria-controls=\"content-xb4c\" aria-expanded=\"false\"><i class=\"fas fa-cogs\"><\/i><div class=\"w-tabs-section-title\">Servicios<\/div><div class=\"w-tabs-section-control\"><\/div><\/button><div  class=\"w-tabs-section-content\" id=\"content-xb4c\"><div class=\"w-tabs-section-content-h i-cf\"><div class=\"wpb_text_column\"><div class=\"wpb_wrapper\"><h6>Promovemos una atenci\u00f3n integral y de calidad para nuestros\/as usuarios\/as, por lo que ofrecemos una gran variedad de servicios, entre los que destacan:<br \/>\n\u2022 Servicio sanitario (m\u00e9dico, ATS, fisioterapeuta, gimnasio, sala de rehabilitaci\u00f3n&#8230;)<br \/>\n\u2022 Servicio psico-social<br \/>\n\u2022 Servicio higi\u00e9nico-asistencial<br \/>\n\u2022 Servicio de limpieza-lavander\u00eda<br \/>\n\u2022 Servicio de restauraci\u00f3n<br \/>\n\u2022 Servicios administrativos<br \/>\n\u2022 Servicios diversos (peluquer\u00eda, podolog\u00eda, servicios religiosos, asesoramiento legal&#8230;)<br \/>\n\u2022 Equipamiento exterior (Parque de rehabilitaci\u00f3n para personas mayores y adaptado, Jard\u00edn Bot\u00e1nico)<\/h6>\n<\/div><\/div><\/div><\/div><\/div><\/div><\/div><\/div><\/div><\/div><\/div><\/section><section class=\"l-section wpb_row height_large color_primary with_img parallax_ver\"><div class=\"l-section-img\" role=\"img\" aria-label=\"Imagen\" data-img-width=\"1920\" data-img-height=\"1280\" style=\"background-image: url(https:\/\/uribarren.es\/esp\/wp-content\/uploads\/2016\/12\/cuadro-delantera.png);\"><\/div><div class=\"l-section-overlay\" style=\"background:rgba(30,30,30,0.75)\"><\/div><div class=\"l-section-h i-cf\"><div class=\"g-cols vc_row via_grid cols_1 laptops-cols_inherit tablets-cols_inherit mobiles-cols_1 valign_top type_default stacking_default\"><div class=\"wpb_column vc_column_container\"><div class=\"vc_column-inner\"><div class=\"wpb_text_column\"><div class=\"wpb_wrapper\"><h2 style=\"text-align: center;\">No te quedes con la duda<\/h2>\n<\/div><\/div><div class=\"w-separator size_small with_line width_default thick_1 style_solid color_border align_center\"><div class=\"w-separator-h\"><\/div><\/div><div class=\"w-btn-wrapper align_center\"><a class=\"w-btn us-btn-style_1 us_custom_f73f4019\" href=\"https:\/\/uribarren.es\/esp\/contactar\/\"><span class=\"w-btn-label\">Contacta<\/span><\/a><\/div><\/div><\/div><\/div><\/div><\/section>\n","protected":false},"excerpt":{"rendered":"CapacidadServiciosCapacidad 89 plazas 70 de ellas concertadas con Diputaci\u00f3n Foral de Bizkaia. ServiciosPromovemos una atenci\u00f3n integral y de calidad para nuestros\/as usuarios\/as, por lo que ofrecemos una gran variedad de servicios, entre los que destacan: \u2022 Servicio sanitario (m\u00e9dico, ATS, fisioterapeuta, gimnasio, sala de rehabilitaci\u00f3n&#8230;) \u2022 Servicio psico-social \u2022 Servicio higi\u00e9nico-asistencial \u2022 Servicio de limpieza-lavander\u00eda...","protected":false},"author":1,"featured_media":0,"parent":0,"menu_order":0,"comment_status":"closed","ping_status":"closed","template":"","meta":{"footnotes":""},"class_list":["post-29479","page","type-page","status-publish","hentry"],"_links":{"self":[{"href":"https:\/\/uribarren.es\/esp\/wp-json\/wp\/v2\/pages\/29479","targetHints":{"allow":["GET"]}}],"collection":[{"href":"https:\/\/uribarren.es\/esp\/wp-json\/wp\/v2\/pages"}],"about":[{"href":"https:\/\/uribarren.es\/esp\/wp-json\/wp\/v2\/types\/page"}],"author":[{"embeddable":true,"href":"https:\/\/uribarren.es\/esp\/wp-json\/wp\/v2\/users\/1"}],"replies":[{"embeddable":true,"href":"https:\/\/uribarren.es\/esp\/wp-json\/wp\/v2\/comments?post=29479"}],"version-history":[{"count":10,"href":"https:\/\/uribarren.es\/esp\/wp-json\/wp\/v2\/pages\/29479\/revisions"}],"predecessor-version":[{"id":30896,"href":"https:\/\/uribarren.es\/esp\/wp-json\/wp\/v2\/pages\/29479\/revisions\/30896"}],"wp:attachment":[{"href":"https:\/\/uribarren.es\/esp\/wp-json\/wp\/v2\/media?parent=29479"}],"curies":[{"name":"wp","href":"https:\/\/api.w.org\/{rel}","templated":true}]}}