{"id":29888,"date":"2013-05-31T08:44:43","date_gmt":"2013-05-31T08:44:43","guid":{"rendered":"http:\/\/impreza.us-themes.net\/"},"modified":"2025-07-11T13:45:19","modified_gmt":"2025-07-11T13:45:19","slug":"sample-page-2","status":"publish","type":"page","link":"https:\/\/uribarren.es\/esp\/","title":{"rendered":"Inicio"},"content":{"rendered":"<section class=\"l-section wpb_row height_auto width_full color_primary\"><div class=\"l-section-h i-cf\"><div class=\"g-cols vc_row via_grid cols_1 laptops-cols_inherit tablets-cols_inherit mobiles-cols_1 valign_top type_default stacking_default\"><div class=\"wpb_column vc_column_container\"><div class=\"vc_column-inner\">[rev_slider_vc alias=\u00bbhome\u00bb]<\/div><\/div><\/div><\/div><\/section><section class=\"l-section wpb_row height_medium\" id=\"first\"><div class=\"l-section-h i-cf\"><div class=\"g-cols vc_row via_grid cols_1 laptops-cols_inherit tablets-cols_inherit mobiles-cols_1 valign_top type_default stacking_default\"><div class=\"wpb_column vc_column_container\"><div class=\"vc_column-inner\"><div class=\"wpb_text_column\"><div class=\"wpb_wrapper\"><h2 style=\"text-align: center;\"><strong>Uribarren Abaroa<\/strong>\u00a0\u00bfQu\u00e9 quieres ver?<\/h2>\n<\/div><\/div><div class=\"w-separator size_large with_line width_default thick_1 style_solid color_border align_center\"><div class=\"w-separator-h\"><\/div><\/div><div class=\"g-cols wpb_row via_grid cols_3 laptops-cols_inherit tablets-cols_inherit mobiles-cols_1 valign_top type_default stacking_default\" style=\"--columns-gap:3rem;\"><div class=\"wpb_column vc_column_container\"><div class=\"vc_column-inner\">\n<div tabindex=\"0\" id=\"interactive-banner-1-wrap-2305\" class=\"ult-banner-block ult-adjust-bottom-margin ult-bb-box ult-banner-block-custom-height banner-style01 \"   style=\"height:200px;\">\n\t<img decoding=\"async\" src=\"https:\/\/uribarren.es\/esp\/wp-content\/uploads\/2013\/05\/residencia-link.jpg\" alt=\"null\">\n\t<h3  data-ultimate-target='#interactive-banner-1-wrap-2305 .bb-top-title '  data-responsive-json-new='{\"font-size\":\"\",\"line-height\":\"\"}'  class=\"title-center bb-top-title ult-responsive\" style=\"font-weight:normal;background:#698e7e;color:#ffffff;\">Residencia<\/h3>\n\t<div class=\"mask opaque-background\" style=\"background:rgba(160,215,201,0.5);\">\n\t\t<div  data-ultimate-target='#interactive-banner-1-wrap-2305 .bb-description'  data-responsive-json-new='{\"font-size\":\"\",\"line-height\":\"\"}'  class=\"bb-description ult-responsive\" style=\"font-weight:bold;color:#ffffff;\">M\u00e1s informaci\u00f3n<\/div>\n\t<\/div><a class=\"bb-link\" href=\"https:\/\/uribarren.es\/esp\/residencia\/\" ><\/a>\n<\/div><\/div><\/div><div class=\"wpb_column vc_column_container\"><div class=\"vc_column-inner\">\n<div tabindex=\"0\" id=\"interactive-banner-1-wrap-2228\" class=\"ult-banner-block ult-adjust-bottom-margin ult-bb-box ult-banner-block-custom-height banner-style01 \"   style=\"height:200px;\">\n\t<img decoding=\"async\" src=\"https:\/\/uribarren.es\/esp\/wp-content\/uploads\/2014\/08\/centro-de-dia2.jpg\" alt=\"null\">\n\t<h3  data-ultimate-target='#interactive-banner-1-wrap-2228 .bb-top-title '  data-responsive-json-new='{\"font-size\":\"\",\"line-height\":\"\"}'  class=\"title-center bb-top-title ult-responsive\" style=\"font-weight:normal;background:#698e7e;color:#ffffff;\">Centro de d\u00eda<\/h3>\n\t<div class=\"mask opaque-background\" style=\"background:rgba(160,215,201,0.5);\">\n\t\t<div  data-ultimate-target='#interactive-banner-1-wrap-2228 .bb-description'  data-responsive-json-new='{\"font-size\":\"\",\"line-height\":\"\"}'  class=\"bb-description ult-responsive\" style=\"font-weight:bold;color:#ffffff;\">M\u00e1s informaci\u00f3n<\/div>\n\t<\/div><a class=\"bb-link\" href=\"https:\/\/uribarren.es\/esp\/centrodedia\/\" ><\/a>\n<\/div><\/div><\/div><div class=\"wpb_column vc_column_container\"><div class=\"vc_column-inner\">\n<div tabindex=\"0\" id=\"interactive-banner-1-wrap-2872\" class=\"ult-banner-block ult-adjust-bottom-margin ult-bb-box ult-banner-block-custom-height banner-style01 \"   style=\"height:200px;\">\n\t<img decoding=\"async\" src=\"https:\/\/uribarren.es\/esp\/wp-content\/uploads\/2013\/05\/jardin-link.jpg\" alt=\"null\">\n\t<h3  data-ultimate-target='#interactive-banner-1-wrap-2872 .bb-top-title '  data-responsive-json-new='{\"font-size\":\"\",\"line-height\":\"\"}'  class=\"title-center bb-top-title ult-responsive\" style=\"font-weight:normal;background:#698e7e;color:#ffffff;\">Jard\u00edn Bot\u00e1nico<\/h3>\n\t<div class=\"mask opaque-background\" style=\"background:rgba(160,215,201,0.5);\">\n\t\t<div  data-ultimate-target='#interactive-banner-1-wrap-2872 .bb-description'  data-responsive-json-new='{\"font-size\":\"\",\"line-height\":\"\"}'  class=\"bb-description ult-responsive\" style=\"font-weight:bold;color:#ffffff;\">M\u00e1s informaci\u00f3n<\/div>\n\t<\/div><a class=\"bb-link\" href=\"https:\/\/uribarren.es\/esp\/jardinbotanico\/\" ><\/a>\n<\/div><\/div><\/div><\/div><\/div><\/div><\/div><\/div><\/section><section class=\"l-section wpb_row height_huge color_primary with_img parallax_ver\" id=\"second\"><div class=\"l-section-img\" role=\"img\" aria-label=\"Imagen\" data-img-width=\"950\" data-img-height=\"300\" style=\"background-image: url(https:\/\/uribarren.es\/esp\/wp-content\/uploads\/2017\/09\/jardin-trasera3r.png);\"><\/div><div class=\"l-section-overlay\" style=\"background:rgba(25,25,25,0.62)\"><\/div><div class=\"l-section-h i-cf\"><div class=\"g-cols vc_row via_grid cols_1 laptops-cols_inherit tablets-cols_inherit mobiles-cols_1 valign_top type_default stacking_default\"><div class=\"wpb_column vc_column_container\"><div class=\"vc_column-inner\"><div class=\"wpb_text_column\"><div class=\"wpb_wrapper\"><h2 style=\"text-align: center;\"><strong>Uribarren Abaroa<\/strong>. Algunos datos<\/h2>\n<\/div><\/div><div class=\"w-separator size_large with_line width_default thick_1 style_solid color_border align_center\"><div class=\"w-separator-h\"><\/div><\/div><div class=\"g-cols wpb_row via_grid cols_4 laptops-cols_inherit tablets-cols_inherit mobiles-cols_1 valign_top type_default stacking_default\" style=\"--columns-gap:3rem;\"><div class=\"wpb_column vc_column_container\"><div class=\"vc_column-inner\"><div class=\"w-counter us_custom_a832860b color_heading align_center animation_none has_font_size\" data-duration=\"2\" style=\"--w-counter-duration: 2s;\"><div class=\"w-counter-value\" aria-label=\"89\"><span class=\"w-counter-value-part final\" aria-hidden=\"true\">89<\/span><span class=\"w-counter-value-part hidden type_text\" aria-hidden=\"true\" data-final><\/span><span class=\"w-counter-value-part hidden type_number\" aria-hidden=\"true\" data-final=\"89\">0<\/span><span class=\"w-counter-value-part hidden type_text\" aria-hidden=\"true\" data-final><\/span><\/div><h6 class=\"w-counter-title\">Camas<\/h6><\/div><\/div><\/div><div class=\"wpb_column vc_column_container\"><div class=\"vc_column-inner\"><div class=\"w-counter us_custom_a832860b color_primary align_center animation_none has_font_size\" data-duration=\"2\" style=\"--w-counter-duration: 2s;\"><div class=\"w-counter-value\" aria-label=\"24h\"><span class=\"w-counter-value-part final\" aria-hidden=\"true\">24h<\/span><span class=\"w-counter-value-part hidden type_text\" aria-hidden=\"true\" data-final><\/span><span class=\"w-counter-value-part hidden type_number\" aria-hidden=\"true\" data-final=\"24\">0<\/span><span class=\"w-counter-value-part hidden type_text\" aria-hidden=\"true\" data-final=\"h\">hh<\/span><\/div><h6 class=\"w-counter-title\">Atenci\u00f3n permanente<\/h6><\/div><\/div><\/div><div class=\"wpb_column vc_column_container\"><div class=\"vc_column-inner\"><div class=\"w-counter us_custom_a832860b color_heading align_center animation_none has_font_size\" data-duration=\"2\" style=\"--w-counter-duration: 2s;\"><div class=\"w-counter-value\" aria-label=\"+3500\"><span class=\"w-counter-value-part final\" aria-hidden=\"true\">+3500<\/span><span class=\"w-counter-value-part hidden type_text\" aria-hidden=\"true\" data-final=\"+\">+<\/span><span class=\"w-counter-value-part hidden type_number\" aria-hidden=\"true\" data-final=\"3500\">0<\/span><span class=\"w-counter-value-part hidden type_text\" aria-hidden=\"true\" data-final><\/span><\/div><h6 class=\"w-counter-title\">Tratamientos de rehabilitaci\u00f3n<\/h6><\/div><\/div><\/div><div class=\"wpb_column vc_column_container\"><div class=\"vc_column-inner\"><div class=\"w-counter us_custom_69e32a11 color_primary align_center animation_none has_font_size\" data-duration=\"2\" style=\"--w-counter-duration: 2s;\"><div class=\"w-counter-value\" aria-label=\"+900\"><span class=\"w-counter-value-part final\" aria-hidden=\"true\">+900<\/span><span class=\"w-counter-value-part hidden type_text\" aria-hidden=\"true\" data-final=\"+\">+<\/span><span class=\"w-counter-value-part hidden type_number\" aria-hidden=\"true\" data-final=\"900\">0<\/span><span class=\"w-counter-value-part hidden type_text\" aria-hidden=\"true\" data-final><\/span><\/div><h6 class=\"w-counter-title\">Visitas semanales al Jard\u00edn Bot\u00e1nico<\/h6><\/div><\/div><\/div><\/div><\/div><\/div><\/div><\/div><\/section><section class=\"l-section wpb_row height_medium color_primary\" id=\"fourth\"><div class=\"l-section-h i-cf\"><div class=\"g-cols vc_row via_grid cols_1 laptops-cols_inherit tablets-cols_inherit mobiles-cols_1 valign_top type_boxes stacking_default\"><div class=\"wpb_column vc_column_container\"><div class=\"vc_column-inner\"><div class=\"w-actionbox color_primary controls_right\"><div class=\"w-actionbox-text\"><h3 class=\"w-actionbox-title\" style=\"font-size:h3\">Una residencia en un extraordinario entorno natural<\/h3><\/div><div class=\"w-actionbox-controls\"><a class=\"w-btn us-btn-style_2 icon_atright\" style=\"font-size:20px\" href=\"https:\/\/uribarren.es\/esp\/contactar\/\"><span class=\"w-btn-label\">Contactar<\/span><i class=\"far fa-example_of_angle-right_fa-angle-right\"><\/i><\/a><\/div><\/div><\/div><\/div><\/div><\/div><\/section>\n","protected":false},"excerpt":{"rendered":"[rev_slider_vc alias=\"home\"]Uribarren Abaroa\u00a0\u00bfQu\u00e9 quieres ver? Residencia M\u00e1s informaci\u00f3n Centro de d\u00eda M\u00e1s informaci\u00f3n Jard\u00edn Bot\u00e1nico M\u00e1s informaci\u00f3n Uribarren Abaroa. Algunos datos 890Camas24h0hhAtenci\u00f3n permanente+3500+0Tratamientos de rehabilitaci\u00f3n+900+0Visitas semanales al Jard\u00edn Bot\u00e1nicoUna residencia en un extraordinario entorno naturalContactar","protected":false},"author":1,"featured_media":0,"parent":0,"menu_order":0,"comment_status":"closed","ping_status":"closed","template":"","meta":{"footnotes":""},"class_list":["post-29888","page","type-page","status-publish","hentry"],"_links":{"self":[{"href":"https:\/\/uribarren.es\/esp\/wp-json\/wp\/v2\/pages\/29888","targetHints":{"allow":["GET"]}}],"collection":[{"href":"https:\/\/uribarren.es\/esp\/wp-json\/wp\/v2\/pages"}],"about":[{"href":"https:\/\/uribarren.es\/esp\/wp-json\/wp\/v2\/types\/page"}],"author":[{"embeddable":true,"href":"https:\/\/uribarren.es\/esp\/wp-json\/wp\/v2\/users\/1"}],"replies":[{"embeddable":true,"href":"https:\/\/uribarren.es\/esp\/wp-json\/wp\/v2\/comments?post=29888"}],"version-history":[{"count":27,"href":"https:\/\/uribarren.es\/esp\/wp-json\/wp\/v2\/pages\/29888\/revisions"}],"predecessor-version":[{"id":30911,"href":"https:\/\/uribarren.es\/esp\/wp-json\/wp\/v2\/pages\/29888\/revisions\/30911"}],"wp:attachment":[{"href":"https:\/\/uribarren.es\/esp\/wp-json\/wp\/v2\/media?parent=29888"}],"curies":[{"name":"wp","href":"https:\/\/api.w.org\/{rel}","templated":true}]}}