{"id":30139,"date":"2017-09-25T08:42:24","date_gmt":"2017-09-25T08:42:24","guid":{"rendered":"http:\/\/uribarren.es\/webwordpress\/?page_id=29985"},"modified":"2019-03-07T07:00:41","modified_gmt":"2019-03-07T07:00:41","slug":"arboles","status":"publish","type":"page","link":"https:\/\/uribarren.es\/esp\/arboles\/","title":{"rendered":"\u00c1rboles"},"content":{"rendered":"<section class=\"l-section wpb_row height_medium\"><div class=\"l-section-h i-cf\"><div class=\"g-cols vc_row via_grid cols_1 laptops-cols_inherit tablets-cols_inherit mobiles-cols_1 valign_top type_default stacking_default\"><div class=\"wpb_column vc_column_container\"><div class=\"vc_column-inner\"><div class=\"wpb_text_column\"><div class=\"wpb_wrapper\"><h3 style=\"text-align: center;\">Visita nuestros<br \/>\n\u00e1rboles<\/h3>\n<\/div><\/div><\/div><\/div><\/div><\/div><\/section><section class=\"l-section wpb_row height_medium\"><div class=\"l-section-overlay\" style=\"background:rgba(110,178,133,0.5)\"><\/div><div class=\"l-section-h i-cf\"><div class=\"g-cols vc_row via_grid cols_2 laptops-cols_inherit tablets-cols_inherit mobiles-cols_1 valign_middle type_default stacking_default\"><div class=\"wpb_column vc_column_container\"><div class=\"vc_column-inner\"><div class=\"w-image align_none\"><a ref=\"magnificPopup\" href=\"https:\/\/uribarren.es\/esp\/wp-content\/uploads\/2014\/08\/jardin-botanico01.jpg\" aria-label=\"jardin-botanico01\" class=\"w-image-h\"><img decoding=\"async\" width=\"1024\" height=\"344\" src=\"https:\/\/uribarren.es\/esp\/wp-content\/uploads\/2014\/08\/jardin-botanico01-1024x344.jpg\" class=\"attachment-large size-large\" alt=\"\" loading=\"lazy\" srcset=\"https:\/\/uribarren.es\/esp\/wp-content\/uploads\/2014\/08\/jardin-botanico01-1024x344.jpg 1024w, https:\/\/uribarren.es\/esp\/wp-content\/uploads\/2014\/08\/jardin-botanico01-300x101.jpg 300w, https:\/\/uribarren.es\/esp\/wp-content\/uploads\/2014\/08\/jardin-botanico01-768x258.jpg 768w, https:\/\/uribarren.es\/esp\/wp-content\/uploads\/2014\/08\/jardin-botanico01.jpg 1880w\" sizes=\"auto, (max-width: 1024px) 100vw, 1024px\" \/><\/a><\/div><\/div><\/div><div class=\"wpb_column vc_column_container\"><div class=\"vc_column-inner\"><div class=\"w-slider style_none fit_scaledown nav_none count_32\"><div class=\"w-slider-h\" aria-hidden=\"true\"><div class=\"royalSlider\"><div class=\"rsContent\"><a class=\"rsImg\" data-rsw=\"300\" data-rsh=\"289\" data-rsBigImg=\"https:\/\/uribarren.es\/esp\/wp-content\/uploads\/2017\/09\/02_4619.png\" href=\"https:\/\/uribarren.es\/esp\/wp-content\/uploads\/2017\/09\/02_4619.png\"><span data-alt=\"Jard\u00edn bot\u00e1nico Fundaci\u00f3n Uribarren Abaroa\"><\/span><\/a><\/div><div class=\"rsContent\"><a class=\"rsImg\" data-rsw=\"300\" data-rsh=\"289\" data-rsBigImg=\"https:\/\/uribarren.es\/esp\/wp-content\/uploads\/2017\/09\/05_4545.png\" href=\"https:\/\/uribarren.es\/esp\/wp-content\/uploads\/2017\/09\/05_4545.png\"><span data-alt=\"Jard\u00edn bot\u00e1nico Fundaci\u00f3n Uribarren Abaroa\"><\/span><\/a><\/div><div class=\"rsContent\"><a class=\"rsImg\" data-rsw=\"300\" data-rsh=\"289\" data-rsBigImg=\"https:\/\/uribarren.es\/esp\/wp-content\/uploads\/2017\/09\/03_4675.png\" href=\"https:\/\/uribarren.es\/esp\/wp-content\/uploads\/2017\/09\/03_4675.png\"><span data-alt=\"Jard\u00edn bot\u00e1nico Fundaci\u00f3n Uribarren Abaroa\"><\/span><\/a><\/div><div class=\"rsContent\"><a class=\"rsImg\" data-rsw=\"300\" data-rsh=\"289\" data-rsBigImg=\"https:\/\/uribarren.es\/esp\/wp-content\/uploads\/2017\/09\/08_4682.png\" href=\"https:\/\/uribarren.es\/esp\/wp-content\/uploads\/2017\/09\/08_4682.png\"><span data-alt=\"Jard\u00edn bot\u00e1nico Fundaci\u00f3n Uribarren Abaroa\"><\/span><\/a><\/div><div class=\"rsContent\"><a class=\"rsImg\" data-rsw=\"300\" data-rsh=\"289\" data-rsBigImg=\"https:\/\/uribarren.es\/esp\/wp-content\/uploads\/2017\/09\/09_4613.png\" href=\"https:\/\/uribarren.es\/esp\/wp-content\/uploads\/2017\/09\/09_4613.png\"><span data-alt=\"Jard\u00edn bot\u00e1nico Fundaci\u00f3n Uribarren Abaroa\"><\/span><\/a><\/div><div class=\"rsContent\"><a class=\"rsImg\" data-rsw=\"300\" data-rsh=\"289\" data-rsBigImg=\"https:\/\/uribarren.es\/esp\/wp-content\/uploads\/2017\/09\/13_4528.png\" href=\"https:\/\/uribarren.es\/esp\/wp-content\/uploads\/2017\/09\/13_4528.png\"><span data-alt=\"Jard\u00edn bot\u00e1nico Fundaci\u00f3n Uribarren Abaroa\"><\/span><\/a><\/div><div class=\"rsContent\"><a class=\"rsImg\" data-rsw=\"300\" data-rsh=\"289\" data-rsBigImg=\"https:\/\/uribarren.es\/esp\/wp-content\/uploads\/2017\/09\/14_4632.png\" href=\"https:\/\/uribarren.es\/esp\/wp-content\/uploads\/2017\/09\/14_4632.png\"><span data-alt=\"Jard\u00edn bot\u00e1nico Fundaci\u00f3n Uribarren Abaroa\"><\/span><\/a><\/div><div class=\"rsContent\"><a class=\"rsImg\" data-rsw=\"300\" data-rsh=\"289\" data-rsBigImg=\"https:\/\/uribarren.es\/esp\/wp-content\/uploads\/2017\/09\/15_4531.png\" href=\"https:\/\/uribarren.es\/esp\/wp-content\/uploads\/2017\/09\/15_4531.png\"><span data-alt=\"Jard\u00edn bot\u00e1nico Fundaci\u00f3n Uribarren Abaroa\"><\/span><\/a><\/div><div class=\"rsContent\"><a class=\"rsImg\" data-rsw=\"300\" data-rsh=\"289\" data-rsBigImg=\"https:\/\/uribarren.es\/esp\/wp-content\/uploads\/2017\/09\/16_4535.png\" href=\"https:\/\/uribarren.es\/esp\/wp-content\/uploads\/2017\/09\/16_4535.png\"><span data-alt=\"Jard\u00edn bot\u00e1nico Fundaci\u00f3n Uribarren Abaroa\"><\/span><\/a><\/div><div class=\"rsContent\"><a class=\"rsImg\" data-rsw=\"300\" data-rsh=\"289\" data-rsBigImg=\"https:\/\/uribarren.es\/esp\/wp-content\/uploads\/2017\/09\/17_4623.png\" href=\"https:\/\/uribarren.es\/esp\/wp-content\/uploads\/2017\/09\/17_4623.png\"><span data-alt=\"Jard\u00edn bot\u00e1nico Fundaci\u00f3n Uribarren Abaroa\"><\/span><\/a><\/div><div class=\"rsContent\"><a class=\"rsImg\" data-rsw=\"300\" data-rsh=\"289\" data-rsBigImg=\"https:\/\/uribarren.es\/esp\/wp-content\/uploads\/2017\/09\/18_4537.png\" href=\"https:\/\/uribarren.es\/esp\/wp-content\/uploads\/2017\/09\/18_4537.png\"><span data-alt=\"Jard\u00edn bot\u00e1nico Fundaci\u00f3n Uribarren Abaroa\"><\/span><\/a><\/div><div class=\"rsContent\"><a class=\"rsImg\" data-rsw=\"300\" data-rsh=\"289\" data-rsBigImg=\"https:\/\/uribarren.es\/esp\/wp-content\/uploads\/2017\/09\/19_4646.png\" href=\"https:\/\/uribarren.es\/esp\/wp-content\/uploads\/2017\/09\/19_4646.png\"><span data-alt=\"Jard\u00edn bot\u00e1nico Fundaci\u00f3n Uribarren Abaroa\"><\/span><\/a><\/div><div class=\"rsContent\"><a class=\"rsImg\" data-rsw=\"300\" data-rsh=\"289\" data-rsBigImg=\"https:\/\/uribarren.es\/esp\/wp-content\/uploads\/2017\/09\/22_4549.png\" href=\"https:\/\/uribarren.es\/esp\/wp-content\/uploads\/2017\/09\/22_4549.png\"><span data-alt=\"Jard\u00edn bot\u00e1nico Fundaci\u00f3n Uribarren Abaroa\"><\/span><\/a><\/div><div class=\"rsContent\"><a class=\"rsImg\" data-rsw=\"300\" data-rsh=\"289\" data-rsBigImg=\"https:\/\/uribarren.es\/esp\/wp-content\/uploads\/2017\/09\/24_4551.png\" href=\"https:\/\/uribarren.es\/esp\/wp-content\/uploads\/2017\/09\/24_4551.png\"><span data-alt=\"Jard\u00edn bot\u00e1nico Fundaci\u00f3n Uribarren Abaroa\"><\/span><\/a><\/div><div class=\"rsContent\"><a class=\"rsImg\" data-rsw=\"300\" data-rsh=\"289\" data-rsBigImg=\"https:\/\/uribarren.es\/esp\/wp-content\/uploads\/2017\/09\/23_4546.png\" href=\"https:\/\/uribarren.es\/esp\/wp-content\/uploads\/2017\/09\/23_4546.png\"><span data-alt=\"Jard\u00edn bot\u00e1nico Fundaci\u00f3n Uribarren Abaroa\"><\/span><\/a><\/div><div class=\"rsContent\"><a class=\"rsImg\" data-rsw=\"300\" data-rsh=\"289\" data-rsBigImg=\"https:\/\/uribarren.es\/esp\/wp-content\/uploads\/2017\/09\/26_4539.png\" href=\"https:\/\/uribarren.es\/esp\/wp-content\/uploads\/2017\/09\/26_4539.png\"><span data-alt=\"Jard\u00edn bot\u00e1nico Fundaci\u00f3n Uribarren Abaroa\"><\/span><\/a><\/div><div class=\"rsContent\"><a class=\"rsImg\" data-rsw=\"300\" data-rsh=\"289\" data-rsBigImg=\"https:\/\/uribarren.es\/esp\/wp-content\/uploads\/2017\/09\/40_4536.png\" href=\"https:\/\/uribarren.es\/esp\/wp-content\/uploads\/2017\/09\/40_4536.png\"><span data-alt=\"Jard\u00edn bot\u00e1nico Fundaci\u00f3n Uribarren Abaroa\"><\/span><\/a><\/div><div class=\"rsContent\"><a class=\"rsImg\" data-rsw=\"300\" data-rsh=\"289\" data-rsBigImg=\"https:\/\/uribarren.es\/esp\/wp-content\/uploads\/2017\/09\/50_4691.png\" href=\"https:\/\/uribarren.es\/esp\/wp-content\/uploads\/2017\/09\/50_4691.png\"><span data-alt=\"Jard\u00edn bot\u00e1nico Fundaci\u00f3n Uribarren Abaroa\"><\/span><\/a><\/div><div class=\"rsContent\"><a class=\"rsImg\" data-rsw=\"300\" data-rsh=\"289\" data-rsBigImg=\"https:\/\/uribarren.es\/esp\/wp-content\/uploads\/2017\/09\/54_4610.png\" href=\"https:\/\/uribarren.es\/esp\/wp-content\/uploads\/2017\/09\/54_4610.png\"><span data-alt=\"Jard\u00edn bot\u00e1nico Fundaci\u00f3n Uribarren Abaroa\"><\/span><\/a><\/div><div class=\"rsContent\"><a class=\"rsImg\" data-rsw=\"300\" data-rsh=\"289\" data-rsBigImg=\"https:\/\/uribarren.es\/esp\/wp-content\/uploads\/2017\/09\/55_-4502.png\" href=\"https:\/\/uribarren.es\/esp\/wp-content\/uploads\/2017\/09\/55_-4502.png\"><span data-alt=\"Jard\u00edn bot\u00e1nico Fundaci\u00f3n Uribarren Abaroa\"><\/span><\/a><\/div><div class=\"rsContent\"><a class=\"rsImg\" data-rsw=\"300\" data-rsh=\"289\" data-rsBigImg=\"https:\/\/uribarren.es\/esp\/wp-content\/uploads\/2017\/09\/58_4608.png\" href=\"https:\/\/uribarren.es\/esp\/wp-content\/uploads\/2017\/09\/58_4608.png\"><span data-alt=\"Jard\u00edn bot\u00e1nico Fundaci\u00f3n Uribarren Abaroa\"><\/span><\/a><\/div><div class=\"rsContent\"><a class=\"rsImg\" data-rsw=\"300\" data-rsh=\"289\" data-rsBigImg=\"https:\/\/uribarren.es\/esp\/wp-content\/uploads\/2017\/09\/59_4641.png\" href=\"https:\/\/uribarren.es\/esp\/wp-content\/uploads\/2017\/09\/59_4641.png\"><span data-alt=\"Jard\u00edn bot\u00e1nico Fundaci\u00f3n Uribarren Abaroa\"><\/span><\/a><\/div><div class=\"rsContent\"><a class=\"rsImg\" data-rsw=\"300\" data-rsh=\"289\" data-rsBigImg=\"https:\/\/uribarren.es\/esp\/wp-content\/uploads\/2017\/09\/62_4640.png\" href=\"https:\/\/uribarren.es\/esp\/wp-content\/uploads\/2017\/09\/62_4640.png\"><span data-alt=\"Jard\u00edn bot\u00e1nico Fundaci\u00f3n Uribarren Abaroa\"><\/span><\/a><\/div><div class=\"rsContent\"><a class=\"rsImg\" data-rsw=\"300\" data-rsh=\"289\" data-rsBigImg=\"https:\/\/uribarren.es\/esp\/wp-content\/uploads\/2017\/09\/63_4562.png\" href=\"https:\/\/uribarren.es\/esp\/wp-content\/uploads\/2017\/09\/63_4562.png\"><span data-alt=\"Jard\u00edn bot\u00e1nico Fundaci\u00f3n Uribarren Abaroa\"><\/span><\/a><\/div><div class=\"rsContent\"><a class=\"rsImg\" data-rsw=\"300\" data-rsh=\"289\" data-rsBigImg=\"https:\/\/uribarren.es\/esp\/wp-content\/uploads\/2017\/09\/73_4543.png\" href=\"https:\/\/uribarren.es\/esp\/wp-content\/uploads\/2017\/09\/73_4543.png\"><span data-alt=\"Jard\u00edn bot\u00e1nico Fundaci\u00f3n Uribarren Abaroa\"><\/span><\/a><\/div><div class=\"rsContent\"><a class=\"rsImg\" data-rsw=\"300\" data-rsh=\"289\" data-rsBigImg=\"https:\/\/uribarren.es\/esp\/wp-content\/uploads\/2017\/09\/75_4607.png\" href=\"https:\/\/uribarren.es\/esp\/wp-content\/uploads\/2017\/09\/75_4607.png\"><span data-alt=\"Jard\u00edn bot\u00e1nico Fundaci\u00f3n Uribarren Abaroa\"><\/span><\/a><\/div><div class=\"rsContent\"><a class=\"rsImg\" data-rsw=\"300\" data-rsh=\"289\" data-rsBigImg=\"https:\/\/uribarren.es\/esp\/wp-content\/uploads\/2017\/09\/76_4511.png\" href=\"https:\/\/uribarren.es\/esp\/wp-content\/uploads\/2017\/09\/76_4511.png\"><span data-alt=\"Jard\u00edn bot\u00e1nico Fundaci\u00f3n Uribarren Abaroa\"><\/span><\/a><\/div><div class=\"rsContent\"><a class=\"rsImg\" data-rsw=\"300\" data-rsh=\"289\" data-rsBigImg=\"https:\/\/uribarren.es\/esp\/wp-content\/uploads\/2017\/09\/78_4662.png\" href=\"https:\/\/uribarren.es\/esp\/wp-content\/uploads\/2017\/09\/78_4662.png\"><span data-alt=\"Jard\u00edn bot\u00e1nico Fundaci\u00f3n Uribarren Abaroa\"><\/span><\/a><\/div><div class=\"rsContent\"><a class=\"rsImg\" data-rsw=\"300\" data-rsh=\"289\" data-rsBigImg=\"https:\/\/uribarren.es\/esp\/wp-content\/uploads\/2017\/09\/79_4603.png\" href=\"https:\/\/uribarren.es\/esp\/wp-content\/uploads\/2017\/09\/79_4603.png\"><span data-alt=\"Jard\u00edn bot\u00e1nico Fundaci\u00f3n Uribarren Abaroa\"><\/span><\/a><\/div><div class=\"rsContent\"><a class=\"rsImg\" data-rsw=\"300\" data-rsh=\"289\" data-rsBigImg=\"https:\/\/uribarren.es\/esp\/wp-content\/uploads\/2017\/09\/85_4584.png\" href=\"https:\/\/uribarren.es\/esp\/wp-content\/uploads\/2017\/09\/85_4584.png\"><span data-alt=\"Jard\u00edn bot\u00e1nico Fundaci\u00f3n Uribarren Abaroa\"><\/span><\/a><\/div><div class=\"rsContent\"><a class=\"rsImg\" data-rsw=\"300\" data-rsh=\"289\" data-rsBigImg=\"https:\/\/uribarren.es\/esp\/wp-content\/uploads\/2017\/09\/90_4538.png\" href=\"https:\/\/uribarren.es\/esp\/wp-content\/uploads\/2017\/09\/90_4538.png\"><span data-alt=\"Jard\u00edn bot\u00e1nico Fundaci\u00f3n Uribarren Abaroa\"><\/span><\/a><\/div><div class=\"rsContent\"><a class=\"rsImg\" data-rsw=\"300\" data-rsh=\"289\" data-rsBigImg=\"https:\/\/uribarren.es\/esp\/wp-content\/uploads\/2017\/09\/91_4636.png\" href=\"https:\/\/uribarren.es\/esp\/wp-content\/uploads\/2017\/09\/91_4636.png\"><span data-alt=\"Jard\u00edn bot\u00e1nico Fundaci\u00f3n Uribarren Abaroa\"><\/span><\/a><\/div><\/div><img decoding=\"async\" src=\"https:\/\/uribarren.es\/esp\/wp-content\/uploads\/2017\/09\/02_4619.png\" width=\"300\" height=\"289\" alt=\"Jard\u00edn bot\u00e1nico Fundaci\u00f3n Uribarren Abaroa\" loading=\"lazy\"><\/div><div class=\"w-slider-json\" onclick='return {&quot;autoScaleSlider&quot;:true,&quot;addActiveClass&quot;:true,&quot;loop&quot;:true,&quot;fadeInLoadedSlide&quot;:false,&quot;slidesSpacing&quot;:0,&quot;imageScalePadding&quot;:0,&quot;numImagesToPreload&quot;:2,&quot;arrowsNav&quot;:true,&quot;arrowsNavAutoHide&quot;:false,&quot;transitionType&quot;:&quot;move&quot;,&quot;transitionSpeed&quot;:250,&quot;block&quot;:{&quot;moveEffect&quot;:&quot;none&quot;,&quot;speed&quot;:300},&quot;thumbs&quot;:{&quot;fitInViewport&quot;:false,&quot;firstMargin&quot;:false,&quot;spacing&quot;:4},&quot;controlNavigation&quot;:&quot;none&quot;,&quot;fullscreen&quot;:{&quot;enabled&quot;:true},&quot;autoScaleSliderWidth&quot;:300,&quot;autoScaleSliderHeight&quot;:289}'><\/div><\/div><\/div><\/div><\/div><\/div><\/section>\n","protected":false},"excerpt":{"rendered":"Visita nuestros \u00e1rboles","protected":false},"author":1,"featured_media":0,"parent":0,"menu_order":0,"comment_status":"closed","ping_status":"closed","template":"","meta":{"footnotes":""},"class_list":["post-30139","page","type-page","status-publish","hentry"],"_links":{"self":[{"href":"https:\/\/uribarren.es\/esp\/wp-json\/wp\/v2\/pages\/30139","targetHints":{"allow":["GET"]}}],"collection":[{"href":"https:\/\/uribarren.es\/esp\/wp-json\/wp\/v2\/pages"}],"about":[{"href":"https:\/\/uribarren.es\/esp\/wp-json\/wp\/v2\/types\/page"}],"author":[{"embeddable":true,"href":"https:\/\/uribarren.es\/esp\/wp-json\/wp\/v2\/users\/1"}],"replies":[{"embeddable":true,"href":"https:\/\/uribarren.es\/esp\/wp-json\/wp\/v2\/comments?post=30139"}],"version-history":[{"count":3,"href":"https:\/\/uribarren.es\/esp\/wp-json\/wp\/v2\/pages\/30139\/revisions"}],"predecessor-version":[{"id":30593,"href":"https:\/\/uribarren.es\/esp\/wp-json\/wp\/v2\/pages\/30139\/revisions\/30593"}],"wp:attachment":[{"href":"https:\/\/uribarren.es\/esp\/wp-json\/wp\/v2\/media?parent=30139"}],"curies":[{"name":"wp","href":"https:\/\/api.w.org\/{rel}","templated":true}]}}