{"id":30430,"date":"2018-12-10T13:25:46","date_gmt":"2018-12-10T13:25:46","guid":{"rendered":"https:\/\/uribarren.es\/esp\/?page_id=30430"},"modified":"2019-02-11T10:43:35","modified_gmt":"2019-02-11T10:43:35","slug":"150-aniversario","status":"publish","type":"page","link":"https:\/\/uribarren.es\/esp\/150-aniversario\/","title":{"rendered":"150 aniversario"},"content":{"rendered":"<section class=\"l-section wpb_row height_medium\"><div class=\"l-section-h i-cf\"><div class=\"g-cols vc_row via_grid cols_1 laptops-cols_inherit tablets-cols_inherit mobiles-cols_1 valign_top type_default stacking_default\"><div class=\"wpb_column vc_column_container\"><div class=\"vc_column-inner\"><div class=\"wpb_text_column\"><div class=\"wpb_wrapper\"><h2 style=\"text-align: center;\"><strong>ESLOGAN PARA EL 150 ANIVERSARI0<\/strong><\/h2>\n<p style=\"text-align: center;\">La <strong>Fundaci\u00f3n Uribarren Abaroa<\/strong> es una instituci\u00f3n sin \u00e1nimo de lucro que data del <strong>a\u00f1o 1869<\/strong>. Desde sus or\u00edgenes esta Fundaci\u00f3n se ha dedicado a atender a personas desfavorecidas y\/o enfermas, ya que en un principio era un hospital (<strong>Hospital Abaroa<\/strong>) y un hospicio (<strong>Hospicio<\/strong> <strong>Uribarren de San Jos\u00e9<\/strong>).<\/p>\n<p style=\"text-align: center;\">Con el paso del tiempo se fue adaptando a las necesidades y demandas de la sociedad, hasta que en el a\u00f1o 1978 se convierte en <strong>Residencia<\/strong>, dedic\u00e1ndose a la atenci\u00f3n de personas de la Tercera Edad en riesgo de dependencia; en el a\u00f1o 2007 se pone en marcha un <strong>Centro de D\u00eda<\/strong>.<\/p>\n<p style=\"text-align: center;\">Este pr\u00f3ximo a\u00f1o 2019 celebraremos nuestro <strong>150 aniversario<\/strong> y por este motivo, queremos convocar con car\u00e1cter previo, un concurso para encontrar un <strong>ESLOGAN <\/strong>que englobe el <strong>esp\u00edritu y<\/strong> <strong>valores<\/strong> de nuestra Fundaci\u00f3n, para los diferentes acontecimientos que desarrollaremos a lo largo del pr\u00f3ximo a\u00f1o con motivo de esta celebraci\u00f3n.<\/p>\n<\/div><\/div><div class=\"wpb_text_column\"><div class=\"wpb_wrapper\"><ul>\n<li><strong>TEMA<\/strong>: Esp\u00edritu y valores de la Fundaci\u00f3n Uribarren Abaroa.<\/li>\n<li><strong>IDIOMA<\/strong>: Euskera<\/li>\n<li><strong>PLAZO DE ENTREGA<\/strong>: Hasta el 21 de Diciembre de 2018<\/li>\n<li><strong>FALLO DEL JURADO<\/strong>: Primera semana de Febrero de 2019<\/li>\n<li><strong>MODO DE PRESENTACI\u00d3N<\/strong>: La presentaci\u00f3n ser\u00e1 v\u00eda e-mail (<a href=\"mailto:administracion@uribarren.es\"><u>administracion@uribarren.es<\/u><\/a>) adjuntando los siguientes datos: Nombre, apellidos, tel\u00e9fono y correo electr\u00f3nico de contacto.<\/li>\n<\/ul>\n<\/div><\/div><\/div><\/div><\/div><\/div><\/section><section class=\"l-section wpb_row height_medium\"><div class=\"l-section-h i-cf\"><div class=\"g-cols vc_row via_grid cols_1 laptops-cols_inherit tablets-cols_inherit mobiles-cols_1 valign_top type_default stacking_default\"><div class=\"wpb_column vc_column_container\"><div class=\"vc_column-inner\"><div class=\"wpb_text_column\"><div class=\"wpb_wrapper\"><h2 style=\"text-align: center;\"><strong>I CERTAMEN DE PINTURA<\/strong><\/h2>\n<h4 style=\"text-align: center;\"><strong>FUNDACI\u00d3N URIBARREN ABAROA<\/strong><\/h4>\n<h5 style=\"text-align: center;\"><strong>(11 de mayo de 2019 s\u00e1bado)<\/strong><\/h5>\n<p><strong>\u00a0<\/strong><\/p>\n<p><strong>Categor\u00eda: <\/strong>Concurso de pintura<\/p>\n<p><strong>Convocante:<\/strong> Fundaci\u00f3n Uribarren Abaroa de Lekeitio<\/p>\n<p><strong>Tema:<\/strong> 150 Aniversario de la Fundaci\u00f3n Uribarren Abaroa (Residencia, Centro de D\u00eda, Mini Zoo y Jard\u00edn Bot\u00e1nico)<\/p>\n<p><strong>Premio:<\/strong> Seg\u00fan categor\u00eda<\/p>\n<p><strong>Presentaci\u00f3n de las obras:<\/strong> 02\/01\/2019 al 30\/04\/2019<\/p>\n<p><strong>Lugar:<\/strong> Fundaci\u00f3n Uribarren Abaroa, Lekeitio<\/p>\n<p><strong>Exposici\u00f3n de las obras, fallo del jurado y entrega de premios:<\/strong> 11 de Mayo de 2019<\/p>\n<p>&nbsp;<\/p>\n<p><strong>Bases <\/strong><\/p>\n<p>1.- Podr\u00e1 participar en este certamen cualquier persona f\u00edsica de cualquier nacionalidad.<\/p>\n<p>2.- Cada participante podr\u00e1 presentar una sola obra original e in\u00e9dita, no premiada anteriormente en otro concurso, ni sujeta a compromiso alguno de edici\u00f3n. La tem\u00e1tica de la obra estar\u00e1 relacionada con el <strong>150 aniversario de la Fundaci\u00f3n Uribarren Abaroa (Residencia, Centro de D\u00eda, Mini Zoo y Jard\u00edn Bot\u00e1nico).<\/strong><\/p>\n<p>3.- Se establecen las siguientes categor\u00edas y sus premios:<\/p>\n<ul>\n<li>a<strong>. Escolar<\/strong> (de 8 a 16 a\u00f1os). <strong>1\u00ba premio:<\/strong>\u00a0TABLET\u00a0<strong>2\u00ba premio:<\/strong> eBOOK. <strong>3\u00ba premio:<\/strong> material de pintura.<\/li>\n<li>b<strong>. Usuarios<\/strong> de la Fundaci\u00f3n Uribarren Abaroa. <strong>Premio:<\/strong> material art\u00edstico<\/li>\n<li>c<strong>. P\u00fablico<\/strong> en general. <strong>1\u00ba premio:<\/strong> 600\u20ac\u00a0\u00a0 <strong>2\u00ba premio:<\/strong> 300\u20ac <strong>3\u00ba premio:<\/strong> 150\u20ac<\/li>\n<\/ul>\n<p>4.- La <strong>t\u00e9cnica pict\u00f3rica<\/strong> a utilizar ser\u00e1 de libre elecci\u00f3n para las tres categor\u00edas, pudiendo realizarse con cualquier\u00a0\u00a0\u00a0\u00a0\u00a0\u00a0 procedimiento, t\u00e9cnica o material que se desee, salvo que se trate de materiales perecederos o que impidan una adecuada exposici\u00f3n. No se aceptar\u00e1n obras con t\u00e9cnicas digitales y en caso de ser t\u00e9cnica mixta se deber\u00e1n especificar los materiales utilizados en la misma.<\/p>\n<p>5.- El <strong>soporte<\/strong> de las obras debe ser lienzo sobre bastidor para la <strong>categor\u00eda 3c <\/strong>(p\u00fablico en general), para el resto de las categor\u00edas el soporte es de libre elecci\u00f3n.<\/p>\n<p>6.- Las obras deben de tener unas <strong>dimensiones<\/strong> m\u00ednimas de 73 x 60 cm. (20F) y m\u00e1ximas de 130 x 97cm (60F) para la<strong> categor\u00eda 3c <\/strong>(p\u00fablico en general), para el resto de categor\u00edas las dimensiones ser\u00e1n de libre elecci\u00f3n.<\/p>\n<p>7.- Las obras podr\u00e1n ser entregadas en mano, enviadas por correo ordinario o mediante mensajer\u00eda, ir\u00e1n firmadas por el reverso, junto con un sobre que contenga nombre, apellidos, D.N.I. (en caso de ser mayor de edad), tel\u00e9fono, direcci\u00f3n, e-mail, y t\u00edtulo de la obra.<\/p>\n<p>8.- El <strong>plazo de presentaci\u00f3n<\/strong> de las obras ser\u00e1 desde el 02 de Enero de 2019 hasta el 30 de Abril de 2019. De lunes a viernes, de 10:00h hasta las 19:00h, en la siguiente direcci\u00f3n:<\/p>\n<p><strong>Fundaci\u00f3n Uribarren Abaroa. Avenida I\u00f1igo de Artieta 2. 48280 Lekeitio, Bizkaia.<\/strong><\/p>\n<p><strong>Tel\u00e9fono: 687.939.939 <\/strong><\/p>\n<p><strong>e-mail: <\/strong><a href=\"mailto:esarboa@yahoo.es\"><strong>esarboa@yahoo.es<\/strong><\/a><\/p>\n<p>9.- El <strong>jurado<\/strong> estar\u00e1 compuesto por Mertxe Arrizubieta (Concejala de cultura del Ayuntamiento de Lekeitio), Esther Arrieta ( Lda. en Bellas Artes) y un miembro de la Asociaci\u00f3n Cultural \u201cArragua\u201d de Lekeitio.<\/p>\n<p>10.- El <strong>fallo oficial<\/strong> del jurado tendr\u00e1 lugar el d\u00eda 11 de Mayo de 2019.<\/p>\n<p>11.- Los premios podr\u00e1n ser declarados desiertos por el jurado si as\u00ed lo estima oportuno.<\/p>\n<p>12.- Las obras premiadas pasar\u00e1n a ser propiedad de la Fundaci\u00f3n Uribarren Abaroa, que se reserva el derecho de reproducci\u00f3n, edici\u00f3n y exhibici\u00f3n de las mismas sin l\u00edmite de tiempo ni lugar en cualquier medio o publicaci\u00f3n, haciendo siempre menci\u00f3n del autor\/a de las mismas.<\/p>\n<p>13.- Una vez adjudicados los premios, las obras no seleccionadas podr\u00e1n ser retiradas por sus autores o bien delegar en otra persona f\u00edsica, durante el plazo de un mes a partir de la concesi\u00f3n del premio. Pasado este plazo, la Fundaci\u00f3n Uribarren Abaroa proceder\u00e1 a su almacenamiento y\/o destrucci\u00f3n.<\/p>\n<p>14.- La participaci\u00f3n en el certamen comporta la aceptaci\u00f3n de las presentes bases ateni\u00e9ndose a las presentes y al criterio del jurado, el cual ser\u00e1 soberano para resolver cualquier imprevisto no contemplado en estas bases y cuyas resoluciones ser\u00e1n inapelables.<\/p>\n<p>15.- La Fundaci\u00f3n Uribarren Abaroa garantiza el correcto trato de los datos de acuerdo con la Ley 15\/1999 de Protecci\u00f3n de Datos de Car\u00e1cter Personal.<\/p>\n<\/div><\/div><\/div><\/div><\/div><\/div><\/section>\n","protected":false},"excerpt":{"rendered":"ESLOGAN PARA EL 150 ANIVERSARI0 La Fundaci\u00f3n Uribarren Abaroa es una instituci\u00f3n sin \u00e1nimo de lucro que data del a\u00f1o 1869. Desde sus or\u00edgenes esta Fundaci\u00f3n se ha dedicado a atender a personas desfavorecidas y\/o enfermas, ya que en un principio era un hospital (Hospital Abaroa) y un hospicio (Hospicio Uribarren de San Jos\u00e9). Con...","protected":false},"author":1,"featured_media":0,"parent":0,"menu_order":0,"comment_status":"closed","ping_status":"closed","template":"","meta":{"footnotes":""},"class_list":["post-30430","page","type-page","status-publish","hentry"],"_links":{"self":[{"href":"https:\/\/uribarren.es\/esp\/wp-json\/wp\/v2\/pages\/30430","targetHints":{"allow":["GET"]}}],"collection":[{"href":"https:\/\/uribarren.es\/esp\/wp-json\/wp\/v2\/pages"}],"about":[{"href":"https:\/\/uribarren.es\/esp\/wp-json\/wp\/v2\/types\/page"}],"author":[{"embeddable":true,"href":"https:\/\/uribarren.es\/esp\/wp-json\/wp\/v2\/users\/1"}],"replies":[{"embeddable":true,"href":"https:\/\/uribarren.es\/esp\/wp-json\/wp\/v2\/comments?post=30430"}],"version-history":[{"count":7,"href":"https:\/\/uribarren.es\/esp\/wp-json\/wp\/v2\/pages\/30430\/revisions"}],"predecessor-version":[{"id":30440,"href":"https:\/\/uribarren.es\/esp\/wp-json\/wp\/v2\/pages\/30430\/revisions\/30440"}],"wp:attachment":[{"href":"https:\/\/uribarren.es\/esp\/wp-json\/wp\/v2\/media?parent=30430"}],"curies":[{"name":"wp","href":"https:\/\/api.w.org\/{rel}","templated":true}]}}