{"id":30850,"date":"2023-12-12T10:10:15","date_gmt":"2023-12-12T10:10:15","guid":{"rendered":"https:\/\/uribarren.es\/esp\/?page_id=30850"},"modified":"2023-12-12T14:48:02","modified_gmt":"2023-12-12T14:48:02","slug":"politica-de-privacidad","status":"publish","type":"page","link":"https:\/\/uribarren.es\/esp\/politica-de-privacidad\/","title":{"rendered":"Pol\u00edtica de privacidad"},"content":{"rendered":"<p><span style=\"color: #545454;\"><span style=\"font-family: Work Sans, serif;\"><span style=\"font-size: large;\"><u><b>POL\u00cdTICA DE PRIVACIDAD<\/b><\/u><\/span><\/span><\/span><\/p>\n<p><span style=\"color: #545454;\"><span style=\"font-family: Work Sans, serif;\"><span style=\"font-size: small;\">En nuestra Entidad, hemos adaptado nuestros protocolos y pol\u00edticas de privacidad al Reglamento Europeo de Protecci\u00f3n de Datos 679\/2016 (RGPD) y a la LO 3\/2018, de 5 de diciembre, de Protecci\u00f3n de Datos personales y garant\u00eda de los derechos digitales, dado que nos preocupa la seguridad y la protecci\u00f3n de los datos que tratamos.<\/span><\/span><\/span><\/p>\n<p><span style=\"color: #545454;\"><span style=\"font-family: Work Sans, serif;\"><span style=\"font-size: small;\"><b>1.- QUI\u00c9N ES EL RESPONSABLE DEL TRATAMIENTO DE DATOS<\/b><\/span><\/span><\/span><\/p>\n<p><span style=\"color: #545454;\"><span style=\"font-family: Work Sans, serif;\"><span style=\"font-size: small;\"><b>FUNDACI\u00d3N URIBARREN ABAROA<\/b><\/span><\/span><\/span><span style=\"color: #545454;\"><span style=\"font-family: Work Sans, serif;\"><span style=\"font-size: small;\">, con domicilio en Avda.I\u00d1IGO DE ARTIETA, n\u00famero 2, 48280 LEKEITIO-BIZKAIA es el responsable del correcto tratamiento de sus datos. Puede Vd. consultar sobre este tratamiento a trav\u00e9s del siguiente mail administracion@urimarren.es<\/span><\/span><\/span><\/p>\n<p><span style=\"color: #545454;\"><span style=\"font-family: Work Sans, serif;\"><span style=\"font-size: small;\"><b>2.- PARA QU\u00c9 UTILIZAMOS SUS DATOS<\/b><\/span><\/span><\/span><\/p>\n<p><span style=\"color: #545454;\"><span style=\"font-family: Work Sans, serif;\"><span style=\"font-size: small;\">En\u00a0<\/span><\/span><\/span><span style=\"color: #545454;\"><span style=\"font-family: Work Sans, serif;\"><span style=\"font-size: small;\"><b>FUNDACI\u00d3N URIBARREN ABAROA<\/b><\/span><\/span><\/span><span style=\"color: #545454;\"><span style=\"font-family: Work Sans, serif;\"><span style=\"font-size: small;\">\u00a0tratamos la informaci\u00f3n que nos facilitan las personas interesadas con el fin de:<\/span><\/span><\/span><\/p>\n<p><span style=\"color: #545454;\"><span style=\"font-family: Work Sans, serif;\"><span style=\"font-size: small;\">Tramitar y gestionar las solitudes realizadas en relaci\u00f3n a nuestros servicios como Residencia de 3\u00aaedas y centro de d\u00eda.<\/span><\/span><\/span><\/p>\n<p><span style=\"color: #545454;\">\u00a0<span style=\"font-family: Work Sans, serif;\"><span style=\"font-size: small;\"><b>3.- CU\u00c1L ES LA BASE LEGAL PARA EL TRATAMIENTO DE LOS DATOS<\/b><\/span><\/span><\/span><\/p>\n<p><span style=\"color: #545454;\"><span style=\"font-family: Work Sans, serif;\"><span style=\"font-size: small;\">La utilizaci\u00f3n de los datos que nos ha facilitado a trav\u00e9s del consentimiento, es necesaria para la correcta gesti\u00f3n de las relaciones con los usuarios y, adem\u00e1s, poder cumplir con las obligaciones legales.<\/span><\/span><\/span><\/p>\n<p><span style=\"color: #545454;\"><span style=\"font-family: Work Sans, serif;\"><span style=\"font-size: small;\">En cualquier momento puede manifestar su oposici\u00f3n al uso de sus datos y, por lo tanto, dejar sin efecto cualquier tipo de gesti\u00f3n con los mismos, quedando \u00fanicamente sus datos bloqueados durante el tiempo legalmente previsto. Comunicarle que el no consentimiento puede conllevar que los servicios sean imposibles de prestar.<\/span><\/span><\/span><\/p>\n<p><span style=\"color: #545454;\"><span style=\"font-family: Work Sans, serif;\"><span style=\"font-size: small;\"><b>4.- COMUNICACI\u00d3N DE DATOS<\/b><\/span><\/span><\/span><\/p>\n<p><span style=\"color: #545454;\"><span style=\"font-family: Work Sans, serif;\"><span style=\"font-size: small;\">En principio no se ceder\u00e1n datos salvo obligaci\u00f3n legal.<\/span><\/span><\/span><\/p>\n<p><span style=\"color: #545454;\"><span style=\"font-family: Work Sans, serif;\"><span style=\"font-size: small;\">Ahora bien, compartiremos sus datos con prestadores de servicios que nos ayudan o dan soporte, o colaboradores externos con quien hemos llegado a acuerdos.<\/span><\/span><\/span><\/p>\n<p><span style=\"color: #545454;\"><span style=\"font-family: Work Sans, serif;\"><span style=\"font-size: small;\"><b>5.- CONSERVACI\u00d3N DE DATOS<\/b><\/span><\/span><\/span><\/p>\n<p><span style=\"color: #545454;\"><span style=\"font-family: Work Sans, serif;\"><span style=\"font-size: small;\">Solamente conservaremos sus datos personales durante el tiempo necesario para cumplir con la finalidad para la que se recaban, mientras que mantengamos una relaci\u00f3n contractual, mientras que exista un requisito legal que lo obligue o mientras que Vd. no ejerza ninguno de los derechos que hagan que no podamos tratar sus datos.<\/span><\/span><\/span><\/p>\n<p><span style=\"color: #545454;\"><span style=\"font-family: Work Sans, serif;\"><span style=\"font-size: small;\"><b>6.- C\u00d3MO PUEDO EJERCER MIS DERECHOS<\/b><\/span><\/span><\/span><\/p>\n<p><span style=\"color: #545454;\"><span style=\"font-family: Work Sans, serif;\"><span style=\"font-size: small;\">Como titular de derechos, Vd. tiene el control de sus datos y, por lo tanto, en cualquier momento puede ejercitar sus derechos, envi\u00e1ndonos un mail: <\/span><\/span><\/span><span style=\"color: #545454;\"><span style=\"font-family: Work Sans, serif;\"><span style=\"font-size: small;\"><b>administracion@uribarren.es<\/b><\/span><\/span><\/span><\/p>\n<p><span style=\"color: #545454;\">\u00a0<span style=\"font-family: Work Sans, serif;\"><span style=\"font-size: small;\">Los derechos que puede ejercitar son:<\/span><\/span><\/span><\/p>\n<ul>\n<li><span style=\"color: #545454;\"><span style=\"font-family: Work Sans, serif;\"><span style=\"font-size: small;\"><b>Acceso \u2013\u00a0<\/b><\/span><\/span><\/span><span style=\"color: #545454;\"><span style=\"font-family: Work Sans, serif;\"><span style=\"font-size: small;\">Podr\u00e1 consultar sus datos personales tratados por esta Entidad<\/span><\/span><\/span><\/li>\n<li><span style=\"color: #545454;\"><span style=\"font-family: Work Sans, serif;\"><span style=\"font-size: small;\"><b>Rectificaci\u00f3n<\/b><\/span><\/span><\/span><span style=\"color: #545454;\"><span style=\"font-family: Work Sans, serif;\"><span style=\"font-size: small;\">\u00a0\u2013 Podr\u00e1 modificar sus datos personales cuando sean inexactos<\/span><\/span><\/span><\/li>\n<li><span style=\"color: #545454;\"><span style=\"font-family: Work Sans, serif;\"><span style=\"font-size: small;\"><b>Supresi\u00f3n<\/b><\/span><\/span><\/span><span style=\"color: #545454;\"><span style=\"font-family: Work Sans, serif;\"><span style=\"font-size: small;\">\u00a0\u2013 Podr\u00e1 solicitar la eliminaci\u00f3n de sus datos personales<\/span><\/span><\/span><\/li>\n<li><span style=\"color: #545454;\"><span style=\"font-family: Work Sans, serif;\"><span style=\"font-size: small;\"><b>Oposici\u00f3n<\/b><\/span><\/span><\/span><span style=\"color: #545454;\"><span style=\"font-family: Work Sans, serif;\"><span style=\"font-size: small;\">\u00a0\u2013 Podr\u00e1 solicitar que no se trate alguno de sus datos personales<\/span><\/span><\/span><\/li>\n<li><span style=\"color: #545454;\"><span style=\"font-family: Work Sans, serif;\"><span style=\"font-size: small;\"><b>Limitaci\u00f3n del Tratamiento<\/b><\/span><\/span><\/span><span style=\"color: #545454;\"><span style=\"font-family: Work Sans, serif;\"><span style=\"font-size: small;\">\u00a0\u2013 Podr\u00e1 solicitar la limitaci\u00f3n al tratamiento de sus datos personales en determinadas circunstancias<\/span><\/span><\/span><\/li>\n<li><span style=\"color: #545454;\"><span style=\"font-family: Work Sans, serif;\"><span style=\"font-size: small;\"><b>Portabilidad<\/b><\/span><\/span><\/span><span style=\"color: #545454;\"><span style=\"font-family: Work Sans, serif;\"><span style=\"font-size: small;\">\u00a0\u2013 Podr\u00e1 recibir los datos personales que nos haya facilitado o que hayamos obtenido en nuestra relaci\u00f3n contractual, as\u00ed como trasmitirlos a otra Entidad<\/span><\/span><\/span><\/li>\n<\/ul>\n<p><span style=\"color: #545454;\"><span style=\"font-family: Work Sans, serif;\"><span style=\"font-size: small;\">Se informa a los usuarios, que tiene\u00a0<\/span><\/span><\/span><span style=\"color: #545454;\"><span style=\"font-family: Work Sans, serif;\"><span style=\"font-size: small;\"><b>derecho a revocar<\/b><\/span><\/span><\/span><span style=\"color: #545454;\"><span style=\"font-family: Work Sans, serif;\"><span style=\"font-size: small;\">\u00a0el consentimiento en cualquier momento, sin que ello afecte a la licitud del tratamiento basado en el consentimiento previo a su retirada.<\/span><\/span><\/span><\/p>\n<p><span style=\"color: #545454;\"><span style=\"font-family: Work Sans, serif;\"><span style=\"font-size: small;\">As\u00ed mismo se informa a los interesados de que pueden presentar una reclamaci\u00f3n ante la Autoridad de Control en materia de Protecci\u00f3n de Datos competente, especialmente cuando no haya obtenido satisfacci\u00f3n en el ejercicio de sus derechos.<\/span><\/span><\/span><\/p>\n<p><span style=\"color: #545454;\"><span style=\"font-family: Work Sans, serif;\"><span style=\"font-size: small;\">Para ejercitar sus derechos, acompa\u00f1e a su solicitud una copia de su DNI o documento equivalente acreditativo de su identidad.<\/span><\/span><\/span><\/p>\n","protected":false},"excerpt":{"rendered":"<p>POL\u00cdTICA DE PRIVACIDAD En nuestra Entidad, hemos adaptado nuestros protocolos y pol\u00edticas de privacidad al Reglamento Europeo de Protecci\u00f3n de Datos 679\/2016 (RGPD) y a la LO 3\/2018, de 5 de diciembre, de Protecci\u00f3n de Datos personales y garant\u00eda de los derechos digitales, dado que nos preocupa la seguridad y la protecci\u00f3n de los datos&#8230;<\/p>\n","protected":false},"author":1,"featured_media":0,"parent":0,"menu_order":0,"comment_status":"closed","ping_status":"closed","template":"","meta":{"footnotes":""},"class_list":["post-30850","page","type-page","status-publish","hentry"],"_links":{"self":[{"href":"https:\/\/uribarren.es\/esp\/wp-json\/wp\/v2\/pages\/30850","targetHints":{"allow":["GET"]}}],"collection":[{"href":"https:\/\/uribarren.es\/esp\/wp-json\/wp\/v2\/pages"}],"about":[{"href":"https:\/\/uribarren.es\/esp\/wp-json\/wp\/v2\/types\/page"}],"author":[{"embeddable":true,"href":"https:\/\/uribarren.es\/esp\/wp-json\/wp\/v2\/users\/1"}],"replies":[{"embeddable":true,"href":"https:\/\/uribarren.es\/esp\/wp-json\/wp\/v2\/comments?post=30850"}],"version-history":[{"count":2,"href":"https:\/\/uribarren.es\/esp\/wp-json\/wp\/v2\/pages\/30850\/revisions"}],"predecessor-version":[{"id":30856,"href":"https:\/\/uribarren.es\/esp\/wp-json\/wp\/v2\/pages\/30850\/revisions\/30856"}],"wp:attachment":[{"href":"https:\/\/uribarren.es\/esp\/wp-json\/wp\/v2\/media?parent=30850"}],"curies":[{"name":"wp","href":"https:\/\/api.w.org\/{rel}","templated":true}]}}